{"id":4,"date":"2016-03-01T10:09:41","date_gmt":"2016-03-01T09:09:41","guid":{"rendered":"http:\/\/milas.v22015032739124120.yourvserver.net\/wordpress\/?page_id=4"},"modified":"2021-06-14T20:31:49","modified_gmt":"2021-06-14T18:31:49","slug":"impressum","status":"publish","type":"page","link":"http:\/\/www.milas-innenausbau.de\/?page_id=4","title":{"rendered":"Impressum"},"content":{"rendered":"<p>Verantwortlicher nach \u00a75 TMG<\/p>\n<p>Krzysztof Milas<br \/>\nAm Apostelhof 25<br \/>\n50189 Elsdorf<\/p>\n<p>Telefon: +49 173 306 76 37<br \/>\nMail: info@milas-innenausbau.de<br \/>\nUSt ID: DE244959081<\/p>\n<p>Haftungshinweis:<\/p>\n<p>Trotz sorgf\u00e4ltiger inhaltlicher Kontrolle \u00fcbernehmen wir keine Haftung f\u00fcr die Inhalte externer Links. F\u00fcr den Inhalt der verlinkten Seiten sind ausschlie\u00dflich deren Betreiber verantwortlich.<\/p>\n<p>Diese Website wurde mit gr\u00f6\u00dftm\u00f6glicher Sorgfalt erstellt, ihre Inhalte werden gepr\u00fcft und aktualisiert. Trotz aller Sorgfalt k\u00f6nnen Fehler entstehen bzw. sich Daten \u00e4ndern. Eine Gew\u00e4hr f\u00fcr die Aktualit\u00e4t, Richtigkeit und Vollst\u00e4ndigkeit der zur Verf\u00fcgung gestellten Informationen kann daher nicht \u00fcbernommen werden. Jegliche Haftung f\u00fcr Sch\u00e4den, die direkt oder indirekt aus der Benutzung dieser Website entstehen, wird ausgeschlossen, soweit diese nicht auf Vorsatz oder grober Fahrl\u00e4ssigkeit beruhen.<\/p>\n","protected":false},"excerpt":{"rendered":"<p>Verantwortlicher nach \u00a75 TMG Krzysztof Milas Am Apostelhof 25 50189 Elsdorf Telefon: +49 173 306 76 37 Mail: info@milas-innenausbau.de USt ID: DE244959081 Haftungshinweis: Trotz sorgf\u00e4ltiger inhaltlicher Kontrolle \u00fcbernehmen wir keine Haftung f\u00fcr<a class=\"moretag\" href=\"http:\/\/www.milas-innenausbau.de\/?page_id=4\">Read More&#8230;<\/a><\/p>\n","protected":false},"author":1,"featured_media":0,"parent":0,"menu_order":0,"comment_status":"closed","ping_status":"closed","template":"","meta":[],"jetpack_sharing_enabled":true,"_links":{"self":[{"href":"http:\/\/www.milas-innenausbau.de\/index.php?rest_route=\/wp\/v2\/pages\/4"}],"collection":[{"href":"http:\/\/www.milas-innenausbau.de\/index.php?rest_route=\/wp\/v2\/pages"}],"about":[{"href":"http:\/\/www.milas-innenausbau.de\/index.php?rest_route=\/wp\/v2\/types\/page"}],"author":[{"embeddable":true,"href":"http:\/\/www.milas-innenausbau.de\/index.php?rest_route=\/wp\/v2\/users\/1"}],"replies":[{"embeddable":true,"href":"http:\/\/www.milas-innenausbau.de\/index.php?rest_route=%2Fwp%2Fv2%2Fcomments&post=4"}],"version-history":[{"count":6,"href":"http:\/\/www.milas-innenausbau.de\/index.php?rest_route=\/wp\/v2\/pages\/4\/revisions"}],"predecessor-version":[{"id":881,"href":"http:\/\/www.milas-innenausbau.de\/index.php?rest_route=\/wp\/v2\/pages\/4\/revisions\/881"}],"wp:attachment":[{"href":"http:\/\/www.milas-innenausbau.de\/index.php?rest_route=%2Fwp%2Fv2%2Fmedia&parent=4"}],"curies":[{"name":"wp","href":"https:\/\/api.w.org\/{rel}","templated":true}]}}