{"id":23,"date":"2016-09-06T21:54:02","date_gmt":"2016-09-06T19:54:02","guid":{"rendered":"http:\/\/milas.v22015032739124120.yourvserver.net\/wordpress\/?page_id=23"},"modified":"2016-11-18T10:02:52","modified_gmt":"2016-11-18T09:02:52","slug":"leistungen","status":"publish","type":"page","link":"http:\/\/www.milas-innenausbau.de\/?page_id=23","title":{"rendered":"Leistungen"},"content":{"rendered":"<p>Folgende Leistungen biete ich an:<\/p>\n<ul>\n<li>Altbausanierung (Innen und Au\u00dfen)<\/li>\n<li>Flie\u00dfenlegearbeiten (Innen und Au\u00dfen)<\/li>\n<li>Trockenbau<\/li>\n<li>Maler- und Tapezierarbeiten<\/li>\n<li>Bodenlegearbeiten (auch Vinyl)<\/li>\n<li>Elektro- und Sanit\u00e4rarbeiten (\u00fcber Subunternehmer)<\/li>\n<\/ul>\n","protected":false},"excerpt":{"rendered":"<p>Folgende Leistungen biete ich an: Altbausanierung (Innen und Au\u00dfen) Flie\u00dfenlegearbeiten (Innen und Au\u00dfen) Trockenbau Maler- und Tapezierarbeiten Bodenlegearbeiten (auch Vinyl) Elektro- und Sanit\u00e4rarbeiten (\u00fcber Subunternehmer)<\/p>\n","protected":false},"author":1,"featured_media":0,"parent":0,"menu_order":0,"comment_status":"closed","ping_status":"closed","template":"","meta":[],"jetpack_sharing_enabled":true,"_links":{"self":[{"href":"http:\/\/www.milas-innenausbau.de\/index.php?rest_route=\/wp\/v2\/pages\/23"}],"collection":[{"href":"http:\/\/www.milas-innenausbau.de\/index.php?rest_route=\/wp\/v2\/pages"}],"about":[{"href":"http:\/\/www.milas-innenausbau.de\/index.php?rest_route=\/wp\/v2\/types\/page"}],"author":[{"embeddable":true,"href":"http:\/\/www.milas-innenausbau.de\/index.php?rest_route=\/wp\/v2\/users\/1"}],"replies":[{"embeddable":true,"href":"http:\/\/www.milas-innenausbau.de\/index.php?rest_route=%2Fwp%2Fv2%2Fcomments&post=23"}],"version-history":[{"count":4,"href":"http:\/\/www.milas-innenausbau.de\/index.php?rest_route=\/wp\/v2\/pages\/23\/revisions"}],"predecessor-version":[{"id":85,"href":"http:\/\/www.milas-innenausbau.de\/index.php?rest_route=\/wp\/v2\/pages\/23\/revisions\/85"}],"wp:attachment":[{"href":"http:\/\/www.milas-innenausbau.de\/index.php?rest_route=%2Fwp%2Fv2%2Fmedia&parent=23"}],"curies":[{"name":"wp","href":"https:\/\/api.w.org\/{rel}","templated":true}]}}